{"id":289,"date":"2023-06-19T14:19:18","date_gmt":"2023-06-19T14:19:18","guid":{"rendered":"https:\/\/polimak.online\/?page_id=289"},"modified":"2023-06-19T14:19:27","modified_gmt":"2023-06-19T14:19:27","slug":"fabrika-tesis-sahipleri","status":"publish","type":"page","link":"https:\/\/polimak.online\/en\/fabrika-tesis-sahipleri\/","title":{"rendered":""},"content":{"rendered":"<div id=\"wppb-builder-container\" class=\"wppb-builder-container\">                <div id=\"bu\" class=\"wppb-row-parent  wppb-row-1687185817020\"  >\n\t\t\t\t\t\n\t\t\t\t\t\t\t\t\t\t\n\t\t\t\t\t\t\t\t\t\t\n\t\t\t\t\t<div class=\"wppb-container\">\n\t\t\t\t\t\t\t\t\t\t\t\t\t\n                        <div class=\"wppb-row\">\n\t\t\t\t\t\t\t                                    <div  class=\"wppb-column-parent wppb-column-parent-view wppb-col-1687185817021\"  >\n                                        <div class=\"wppb-column\">\n\t\t\t\t\t\n\t\t\t\t\t\t\t\t\t\t\t\n                                            <div class=\"wppb-builder-addons\">\n\t\t\t\t\t\t\t\t\t\t\t\t<div class='wppb-builder-addon wppb-addon-1687185817022'  data-addon-id='1687185817022'><div class='wppb-addon'><div class=\"wppb-raw-html-addon\"><div class=\"wppb-raw-html-content\"><h3 style=\"color:#000;font-family:Montserrat;font-size:25px;font-weight:600\">FABR\u0130KA\/TES\u0130S <span style=\"color:#a80202;font-family:Montserrat;font-size:25px;font-weight:600\">SAH\u0130PLER\u0130<\/span><\/h3>\n<\/div><\/div><\/div><\/div>            <div  class=\"wppb-row-parent wppb-inner-row-parent wppb-row-1687185817023\">\n\t\t\t\n\t\t\t\t\t\t\n\t\t\t\t<div class=\"wppb-container\">\n                    <div class=\"wppb-row\">\n\t\t\t\t\t\t                                <div  class=\"wppb-column-parent wppb-column-parent-view wppb-col-1687185817024\" >\n                                    <div class=\"wppb-column\">\n                                        <div class=\"wppb-builder-addons\">\n\t\t\t\t\t\t\t\t\t\t\t<div  class='wppb-builder-addon wppb-addon-1687241464419'   ><div class='wppb-inner_addon'><div class=\"wppb-blocknumber-addon\"><div class=\"wppb-blocknumber-addon-content\"><div class=\"wppb-blocknumber-media\"><div class=\"wppb-blocknumber-number\"><span>1<\/span><\/div><div class=\"wppb-blocknumber-body\"><div class=\"wppb-blocknumber-desc\">Proses verinizi takip edin, verimlili\u011finizi optimize edin<\/div><\/div><\/div><\/div><\/div><\/div><\/div><div  class='wppb-builder-addon wppb-addon-1687238857133'   ><div class='wppb-inner_addon'><div class=\"wppb-blocknumber-addon\"><div class=\"wppb-blocknumber-addon-content\"><div class=\"wppb-blocknumber-media\"><div class=\"wppb-blocknumber-number\"><span>3<\/span><\/div><div class=\"wppb-blocknumber-body\"><div class=\"wppb-blocknumber-desc\">Sorunun kayna\u011f\u0131n\u0131 bulun ve ar\u0131za durumu ger\u00e7ekle\u015fmeden yedek par\u00e7an\u0131z\u0131 haz\u0131r edin<\/div><\/div><\/div><\/div><\/div><\/div><\/div><div  class='wppb-builder-addon wppb-addon-1687238857215'   ><div class='wppb-inner_addon'><div class=\"wppb-blocknumber-addon\"><div class=\"wppb-blocknumber-addon-content\"><div class=\"wppb-blocknumber-media\"><div class=\"wppb-blocknumber-number\"><span>5<\/span><\/div><div class=\"wppb-blocknumber-body\"><div class=\"wppb-blocknumber-desc\">Teknik servis ve bak\u0131m ekibinizi organize edin<\/div><\/div><\/div><\/div><\/div><\/div><\/div><div  class='wppb-builder-addon wppb-addon-1687238857281'   ><div class='wppb-inner_addon'><div class=\"wppb-blocknumber-addon\"><div class=\"wppb-blocknumber-addon-content\"><div class=\"wppb-blocknumber-media\"><div class=\"wppb-blocknumber-number\"><span>7<\/span><\/div><div class=\"wppb-blocknumber-body\"><div class=\"wppb-blocknumber-desc\">Beklenmeyen maliyetlerin \u00f6n\u00fcne ge\u00e7in ve plan\u0131n\u0131za uygun ilerleyen bir ak\u0131\u015f i\u00e7erisinde kal\u0131n<\/div><\/div><\/div><\/div><\/div><\/div><\/div>                                        <\/div>\n                                    <\/div>\n                                <\/div>\n\t\t\t\t\t\t\t\t                                <div  class=\"wppb-column-parent wppb-column-parent-view wppb-col-1687238857320\" >\n                                    <div class=\"wppb-column\">\n                                        <div class=\"wppb-builder-addons\">\n\t\t\t\t\t\t\t\t\t\t\t<div  class='wppb-builder-addon wppb-addon-1687238857032'   ><div class='wppb-inner_addon'><div class=\"wppb-blocknumber-addon\"><div class=\"wppb-blocknumber-addon-content\"><div class=\"wppb-blocknumber-media\"><div class=\"wppb-blocknumber-number\"><span>2<\/span><\/div><div class=\"wppb-blocknumber-body\"><div class=\"wppb-blocknumber-desc\">Operat\u00f6r hatalar\u0131n\u0131 takip ederek, hatal\u0131 kullan\u0131m\u0131n \u00f6n\u00fcne ge\u00e7in<\/div><\/div><\/div><\/div><\/div><\/div><\/div><div  class='wppb-builder-addon wppb-addon-1687238857170'   ><div class='wppb-inner_addon'><div class=\"wppb-blocknumber-addon\"><div class=\"wppb-blocknumber-addon-content\"><div class=\"wppb-blocknumber-media\"><div class=\"wppb-blocknumber-number\"><span>4<\/span><\/div><div class=\"wppb-blocknumber-body\"><div class=\"wppb-blocknumber-desc\">Beklenmeyen duru\u015flar\u0131n \u00f6n\u00fcne ge\u00e7in, hatt\u0131n\u0131z\u0131 \u00e7al\u0131\u015f\u0131r halde tutun<\/div><\/div><\/div><\/div><\/div><\/div><\/div><div  class='wppb-builder-addon wppb-addon-1687238857252'   ><div class='wppb-inner_addon'><div class=\"wppb-blocknumber-addon\"><div class=\"wppb-blocknumber-addon-content\"><div class=\"wppb-blocknumber-media\"><div class=\"wppb-blocknumber-number\"><span>6<\/span><\/div><div class=\"wppb-blocknumber-body\"><div class=\"wppb-blocknumber-desc\">\u0130htiya\u00e7 halinde kolayl\u0131kla eri\u015febilmek ad\u0131na kullan\u0131m k\u0131lavuzu, bak\u0131m raporu ve foto\u011fraflamalar\u0131n\u0131z gibi dosyalar\u0131 saklay\u0131n<\/div><\/div><\/div><\/div><\/div><\/div><\/div>                                        <\/div>\n                                    <\/div>\n                                <\/div>\n\t\t\t\t\t\t\t\t                    <\/div>\n                <\/div>\n            <\/div>\n\t\t\t            <div  class=\"wppb-row-parent wppb-inner-row-parent wppb-row-1687238856387\">\n\t\t\t\n\t\t\t\t\t\t\n\t\t\t\t<div class=\"wppb-container\">\n                    <div class=\"wppb-row\">\n\t\t\t\t\t\t                                <div  class=\"wppb-column-parent wppb-column-parent-view wppb-col-1687238856388\" >\n                                    <div class=\"wppb-column\">\n                                        <div class=\"wppb-builder-addons\">\n\t\t\t\t\t\t\t\t\t\t\t<div  class='wppb-builder-addon wppb-addon-1687238856657'   ><div class='wppb-addon'><div class=\"wppb-raw-html-addon\"><div class=\"wppb-raw-html-content\"><h3 style=\"color:#a80202;font-family:Montserrat;font-size:22px;font-weight:400\">NASIL <span style=\"color:#303030;font-family:Montserrat;font-size:22px;font-weight:400\">\u00c7ALI\u015eIR?<\/span><\/h3>\n<\/div><\/div><\/div><\/div>                                        <\/div>\n                                    <\/div>\n                                <\/div>\n\t\t\t\t\t\t\t\t                    <\/div>\n                <\/div>\n            <\/div>\n\t\t\t            <div  class=\"wppb-row-parent wppb-inner-row-parent wppb-row-1687238856649\">\n\t\t\t\n\t\t\t\t\t\t\n\t\t\t\t<div class=\"wppb-container\">\n                    <div class=\"wppb-row\">\n\t\t\t\t\t\t                                <div  class=\"wppb-column-parent wppb-column-parent-view wppb-col-1687238856650\" >\n                                    <div class=\"wppb-column\">\n                                        <div class=\"wppb-builder-addons\">\n\t\t\t\t\t\t\t\t\t\t\t<div  class='wppb-builder-addon wppb-addon-1687187907072'   ><div class='wppb-addon'><div class=\"wppb-image-addon\"><figure class=\"wppb-image-addon-content-wrap\"><div class=\"wppb-image-addon-content wppb-imginlineblock\"><img class=\"wppb-image-addon-img\" src=\"http:\/\/polimak.online\/wp-content\/uploads\/2023\/06\/Fabrika_Tesis-Sahipleri.gif\" alt=\"\"><\/div><\/figure><\/div><\/div><\/div>                                        <\/div>\n                                    <\/div>\n                                <\/div>\n\t\t\t\t\t\t\t\t                    <\/div>\n                <\/div>\n            <\/div>\n\t\t\t            <div  class=\"wppb-row-parent wppb-inner-row-parent wppb-row-1687238856878\">\n\t\t\t\n\t\t\t\t\t\t\n\t\t\t\t<div class=\"wppb-container\">\n                    <div class=\"wppb-row\">\n\t\t\t\t\t\t                                <div  class=\"wppb-column-parent wppb-column-parent-view wppb-col-1687238856879\" >\n                                    <div class=\"wppb-column\">\n                                        <div class=\"wppb-builder-addons\">\n\t\t\t\t\t\t\t\t\t\t\t                                        <\/div>\n                                    <\/div>\n                                <\/div>\n\t\t\t\t\t\t\t\t                    <\/div>\n                <\/div>\n            <\/div>\n\t\t\t                                            <\/div>\n                                        <\/div>\n                                    <\/div>\n\t\t\t\t\t\t\t\t\t                        <\/div>\n\n                    <\/div>\n                <\/div>\n\t\t\t\t                <div  class=\"wppb-row-parent  wppb-row-1687185817019\"  >\n\t\t\t\t\t\n\t\t\t\t\t\t\t\t\t\t\n\t\t\t\t\t\t\t\t\t\t\n\t\t\t\t\t<div class=\"wppb-container\">\n\t\t\t\t\t\t\t\t\t\t\t\t\t\n                        <div class=\"wppb-row\">\n\t\t\t\t\t\t\t                                    <div  class=\"wppb-column-parent wppb-column-parent-view wppb-col-1687185817018\"  >\n                                        <div class=\"wppb-column\">\n\t\t\t\t\t\n\t\t\t\t\t\t\t\t\t\t\t\n                                            <div class=\"wppb-builder-addons\">\n\t\t\t\t\t\t\t\t\t\t\t\t                                            <\/div>\n                                        <\/div>\n                                    <\/div>\n\t\t\t\t\t\t\t\t\t                        <\/div>\n\n                    <\/div>\n                <\/div>\n\t\t\t\t<\/div>","protected":false},"excerpt":{"rendered":"<p>FABR\u0130KA\/TES\u0130S SAH\u0130PLER\u0130 1Proses verinizi takip edin, verimlili\u011finizi optimize edin3Sorunun kayna\u011f\u0131n\u0131 bulun ve ar\u0131za durumu ger\u00e7ekle\u015fmeden yedek par\u00e7an\u0131z\u0131 haz\u0131r edin5Teknik servis ve bak\u0131m ekibinizi organize edin7Beklenmeyen maliyetlerin \u00f6n\u00fcne ge\u00e7in ve plan\u0131n\u0131za uygun ilerleyen bir ak\u0131\u015f i\u00e7erisinde kal\u0131n 2Operat\u00f6r hatalar\u0131n\u0131 takip ederek, hatal\u0131 kullan\u0131m\u0131n \u00f6n\u00fcne ge\u00e7in4Beklenmeyen duru\u015flar\u0131n \u00f6n\u00fcne ge\u00e7in, hatt\u0131n\u0131z\u0131 \u00e7al\u0131\u015f\u0131r halde tutun6\u0130htiya\u00e7 halinde kolayl\u0131kla eri\u015febilmek ad\u0131na &hellip; <\/p>\n<p class=\"link-more\"><a href=\"https:\/\/polimak.online\/en\/fabrika-tesis-sahipleri\/\" class=\"more-link\">Read more<span class=\"screen-reader-text\"> &#8220;&#8221;<\/span><\/a><\/p>","protected":false},"author":1,"featured_media":0,"parent":0,"menu_order":0,"comment_status":"closed","ping_status":"closed","template":"","meta":[],"_links":{"self":[{"href":"https:\/\/polimak.online\/en\/wp-json\/wp\/v2\/pages\/289"}],"collection":[{"href":"https:\/\/polimak.online\/en\/wp-json\/wp\/v2\/pages"}],"about":[{"href":"https:\/\/polimak.online\/en\/wp-json\/wp\/v2\/types\/page"}],"author":[{"embeddable":true,"href":"https:\/\/polimak.online\/en\/wp-json\/wp\/v2\/users\/1"}],"replies":[{"embeddable":true,"href":"https:\/\/polimak.online\/en\/wp-json\/wp\/v2\/comments?post=289"}],"version-history":[{"count":2,"href":"https:\/\/polimak.online\/en\/wp-json\/wp\/v2\/pages\/289\/revisions"}],"predecessor-version":[{"id":299,"href":"https:\/\/polimak.online\/en\/wp-json\/wp\/v2\/pages\/289\/revisions\/299"}],"wp:attachment":[{"href":"https:\/\/polimak.online\/en\/wp-json\/wp\/v2\/media?parent=289"}],"curies":[{"name":"wp","href":"https:\/\/api.w.org\/{rel}","templated":true}]}}