{"id":291,"date":"2023-06-19T14:19:18","date_gmt":"2023-06-19T14:19:18","guid":{"rendered":"https:\/\/polimak.online\/?page_id=291"},"modified":"2023-06-19T14:19:31","modified_gmt":"2023-06-19T14:19:31","slug":"makine-ureticileri","status":"publish","type":"page","link":"https:\/\/polimak.online\/en\/makine-ureticileri\/","title":{"rendered":""},"content":{"rendered":"<div id=\"wppb-builder-container\" class=\"wppb-builder-container\">                <div  class=\"wppb-row-parent  wppb-row-1687239815144\"  >\n\t\t\t\t\t\n\t\t\t\t\t\t\t\t\t\t\n\t\t\t\t\t\t\t\t\t\t\n\t\t\t\t\t<div class=\"wppb-container\">\n\t\t\t\t\t\t\t\t\t\t\t\t\t\n                        <div class=\"wppb-row\">\n\t\t\t\t\t\t\t                                    <div  class=\"wppb-column-parent wppb-column-parent-view wppb-col-1687239815143\"  >\n                                        <div class=\"wppb-column\">\n\t\t\t\t\t\n\t\t\t\t\t\t\t\t\t\t\t\n                                            <div class=\"wppb-builder-addons\">\n\t\t\t\t\t\t\t\t\t\t\t\t<div class='wppb-builder-addon wppb-addon-1687239815147'  data-addon-id='1687239815147'><div class='wppb-addon'><div class=\"wppb-raw-html-addon\"><div class=\"wppb-raw-html-content\"><h3 style=\"color:#000;font-family:Montserrat;font-size:25px;font-weight:600\">MAK\u0130NE <span style=\"color:#a80202;font-family:Montserrat;font-size:25px;font-weight:600\">\u00dcRET\u0130C\u0130LER\u0130<\/span><\/h3>\n<\/div><\/div><\/div><\/div>            <div  class=\"wppb-row-parent wppb-inner-row-parent wppb-row-1687239815203\">\n\t\t\t\n\t\t\t\t\t\t\n\t\t\t\t<div class=\"wppb-container\">\n                    <div class=\"wppb-row\">\n\t\t\t\t\t\t                                <div  class=\"wppb-column-parent wppb-column-parent-view wppb-col-1687239815204\" >\n                                    <div class=\"wppb-column\">\n                                        <div class=\"wppb-builder-addons\">\n\t\t\t\t\t\t\t\t\t\t\t<div id=\"\" class='wppb-builder-addon wppb-addon-1687240114408'   ><div class='wppb-inner_addon'><div class=\"wppb-blocknumber-addon\"><div class=\"wppb-blocknumber-addon-content\"><div class=\"wppb-blocknumber-media\"><div class=\"wppb-blocknumber-number\"><span>1<\/span><\/div><div class=\"wppb-blocknumber-body\"><div class=\"wppb-blocknumber-desc\">\u00dcr\u00fcnlerinizin performans\u0131n\u0131 izleyin<\/div><\/div><\/div><\/div><\/div><\/div><\/div><div id=\"\" class='wppb-builder-addon wppb-addon-1687239817022'   ><div class='wppb-inner_addon'><div class=\"wppb-blocknumber-addon\"><div class=\"wppb-blocknumber-addon-content\"><div class=\"wppb-blocknumber-media\"><div class=\"wppb-blocknumber-number\"><span>3<\/span><\/div><div class=\"wppb-blocknumber-body\"><div class=\"wppb-blocknumber-desc\">Toplanan verileri kullanarak tasar\u0131m\u0131n\u0131z\u0131 geli\u015ftirin ve rekabet\u00e7ili\u011finizi art\u0131r\u0131n<\/div><\/div><\/div><\/div><\/div><\/div><\/div><div id=\"\" class='wppb-builder-addon wppb-addon-1687239817032'   ><div class='wppb-inner_addon'><div class=\"wppb-blocknumber-addon\"><div class=\"wppb-blocknumber-addon-content\"><div class=\"wppb-blocknumber-media\"><div class=\"wppb-blocknumber-number\"><span>5<\/span><\/div><div class=\"wppb-blocknumber-body\"><div class=\"wppb-blocknumber-desc\">Hatal\u0131 kullan\u0131m durumlar\u0131nda veya hatalar olu\u015fmadan \u00f6nce m\u00fc\u015fterilerinizi uyar\u0131n<\/div><\/div><\/div><\/div><\/div><\/div><\/div><div id=\"blocknol\" class='wppb-builder-addon wppb-addon-1687239817027'   ><div class='wppb-inner_addon'><div class=\"wppb-blocknumber-addon\"><div class=\"wppb-blocknumber-addon-content\"><div class=\"wppb-blocknumber-media\"><div class=\"wppb-blocknumber-number\"><span>7<\/span><\/div><div class=\"wppb-blocknumber-body\"><div class=\"wppb-blocknumber-desc\">Pazarlama faaliyetlerinizi d\u00fczenlemek, verimlili\u011fi ve geliri art\u0131rmak i\u00e7in toplanan verileri kullan\u0131n<\/div><\/div><\/div><\/div><\/div><\/div><\/div>                                        <\/div>\n                                    <\/div>\n                                <\/div>\n\t\t\t\t\t\t\t\t                                <div  class=\"wppb-column-parent wppb-column-parent-view wppb-col-1687239817896\" >\n                                    <div class=\"wppb-column\">\n                                        <div class=\"wppb-builder-addons\">\n\t\t\t\t\t\t\t\t\t\t\t<div id=\"\" class='wppb-builder-addon wppb-addon-1687239816681'   ><div class='wppb-inner_addon'><div class=\"wppb-blocknumber-addon\"><div class=\"wppb-blocknumber-addon-content\"><div class=\"wppb-blocknumber-media\"><div class=\"wppb-blocknumber-number\"><span>2<\/span><\/div><div class=\"wppb-blocknumber-body\"><div class=\"wppb-blocknumber-desc\">Takip etti\u011finiz t\u00fcm \u00fcr\u00fcnlerinizden gelen verileri kullanarak tasar\u0131m ve \u00fcretim konusundaki hata ve eksiklerinizi bulun<\/div><\/div><\/div><\/div><\/div><\/div><\/div><div id=\"\" class='wppb-builder-addon wppb-addon-1687239817055'   ><div class='wppb-addon'><div class=\"wppb-blocknumber-addon\"><div class=\"wppb-blocknumber-addon-content\"><div class=\"wppb-blocknumber-media\"><div class=\"wppb-blocknumber-number\"><span>4<\/span><\/div><div class=\"wppb-blocknumber-body\"><div class=\"wppb-blocknumber-desc\">M\u00fc\u015fterinize s\u00fcrekli destek sa\u011flayarak m\u00fc\u015fteri memnuniyetini en \u00fcst seviyede tutun<\/div><\/div><\/div><\/div><\/div><\/div><\/div><div id=\"\" class='wppb-builder-addon wppb-addon-1687239817050'   ><div class='wppb-inner_addon'><div class=\"wppb-blocknumber-addon\"><div class=\"wppb-blocknumber-addon-content\"><div class=\"wppb-blocknumber-media\"><div class=\"wppb-blocknumber-number\"><span>6<\/span><\/div><div class=\"wppb-blocknumber-body\"><div class=\"wppb-blocknumber-desc\">Ar\u0131za olmadan \u00f6nce yedek par\u00e7a haz\u0131rlay\u0131n ve g\u00f6nderin, m\u00fc\u015fterinizin \u00fcretim hatt\u0131n\u0131 \u00e7al\u0131\u015f\u0131r durumda tutun<\/div><\/div><\/div><\/div><\/div><\/div><\/div><div id=\"\" class='wppb-builder-addon wppb-addon-1687239817045'   ><div class='wppb-inner_addon'><div class=\"wppb-blocknumber-addon\"><div class=\"wppb-blocknumber-addon-content\"><div class=\"wppb-blocknumber-media\"><div class=\"wppb-blocknumber-number\"><span>8<\/span><\/div><div class=\"wppb-blocknumber-body\"><div class=\"wppb-blocknumber-desc\">Kendinizi, garanti talepleri do\u011frultusunda, \u00fcr\u00fcnlerinizin hatal\u0131 kullan\u0131m\u0131ndan kaynakl\u0131 maliyetlerden koruyun<\/div><\/div><\/div><\/div><\/div><\/div><\/div>                                        <\/div>\n                                    <\/div>\n                                <\/div>\n\t\t\t\t\t\t\t\t                    <\/div>\n                <\/div>\n            <\/div>\n\t\t\t            <div  class=\"wppb-row-parent wppb-inner-row-parent wppb-row-1687239818013\">\n\t\t\t\n\t\t\t\t\t\t\n\t\t\t\t<div class=\"wppb-container\">\n                    <div class=\"wppb-row\">\n\t\t\t\t\t\t                                <div  class=\"wppb-column-parent wppb-column-parent-view wppb-col-1687239818014\" >\n                                    <div class=\"wppb-column\">\n                                        <div class=\"wppb-builder-addons\">\n\t\t\t\t\t\t\t\t\t\t\t<div  class='wppb-builder-addon wppb-addon-1687239818019'   ><div class='wppb-addon'><div class=\"wppb-raw-html-addon\"><div class=\"wppb-raw-html-content\"><h3 style=\"color:#a80202;font-family:Montserrat;font-size:22px;font-weight:400\">NASIL <span style=\"color:#303030;font-family:Montserrat;font-size:22px;font-weight:400\">\u00c7ALI\u015eIR?<\/span><\/h3>\n<\/div><\/div><\/div><\/div>                                        <\/div>\n                                    <\/div>\n                                <\/div>\n\t\t\t\t\t\t\t\t                    <\/div>\n                <\/div>\n            <\/div>\n\t\t\t            <div  class=\"wppb-row-parent wppb-inner-row-parent wppb-row-1687239818020\">\n\t\t\t\n\t\t\t\t\t\t\n\t\t\t\t<div class=\"wppb-container\">\n                    <div class=\"wppb-row\">\n\t\t\t\t\t\t                                <div  class=\"wppb-column-parent wppb-column-parent-view wppb-col-1687239818021\" >\n                                    <div class=\"wppb-column\">\n                                        <div class=\"wppb-builder-addons\">\n\t\t\t\t\t\t\t\t\t\t\t<div  class='wppb-builder-addon wppb-addon-1687239818026'   ><div class='wppb-addon'><div class=\"wppb-image-addon\"><figure class=\"wppb-image-addon-content-wrap\"><div class=\"wppb-image-addon-content wppb-imginlineblock\"><img class=\"wppb-image-addon-img\" src=\"http:\/\/polimak.online\/wp-content\/uploads\/2023\/06\/Makine-Ureticileri.gif\" alt=\"\"><\/div><\/figure><\/div><\/div><\/div>                                        <\/div>\n                                    <\/div>\n                                <\/div>\n\t\t\t\t\t\t\t\t                    <\/div>\n                <\/div>\n            <\/div>\n\t\t\t                                            <\/div>\n                                        <\/div>\n                                    <\/div>\n\t\t\t\t\t\t\t\t\t                        <\/div>\n\n                    <\/div>\n                <\/div>\n\t\t\t\t                <div  class=\"wppb-row-parent  wppb-row-1687239818054\"  >\n\t\t\t\t\t\n\t\t\t\t\t\t\t\t\t\t\n\t\t\t\t\t\t\t\t\t\t\n\t\t\t\t\t<div class=\"wppb-container\">\n\t\t\t\t\t\t\t\t\t\t\t\t\t\n                        <div class=\"wppb-row\">\n\t\t\t\t\t\t\t                                    <div  class=\"wppb-column-parent wppb-column-parent-view wppb-col-1687239818053\"  >\n                                        <div class=\"wppb-column\">\n\t\t\t\t\t\n\t\t\t\t\t\t\t\t\t\t\t\n                                            <div class=\"wppb-builder-addons\">\n\t\t\t\t\t\t\t\t\t\t\t\t                                            <\/div>\n                                        <\/div>\n                                    <\/div>\n\t\t\t\t\t\t\t\t\t                        <\/div>\n\n                    <\/div>\n                <\/div>\n\t\t\t\t<\/div>","protected":false},"excerpt":{"rendered":"<p>MAK\u0130NE \u00dcRET\u0130C\u0130LER\u0130 1\u00dcr\u00fcnlerinizin performans\u0131n\u0131 izleyin3Toplanan verileri kullanarak tasar\u0131m\u0131n\u0131z\u0131 geli\u015ftirin ve rekabet\u00e7ili\u011finizi art\u0131r\u0131n5Hatal\u0131 kullan\u0131m durumlar\u0131nda veya hatalar olu\u015fmadan \u00f6nce m\u00fc\u015fterilerinizi uyar\u0131n7Pazarlama faaliyetlerinizi d\u00fczenlemek, verimlili\u011fi ve geliri art\u0131rmak i\u00e7in toplanan verileri kullan\u0131n 2Takip etti\u011finiz t\u00fcm \u00fcr\u00fcnlerinizden gelen verileri kullanarak tasar\u0131m ve \u00fcretim konusundaki hata ve eksiklerinizi bulun4M\u00fc\u015fterinize s\u00fcrekli destek sa\u011flayarak m\u00fc\u015fteri memnuniyetini en \u00fcst seviyede tutun6Ar\u0131za olmadan &hellip; <\/p>\n<p class=\"link-more\"><a href=\"https:\/\/polimak.online\/en\/makine-ureticileri\/\" class=\"more-link\">Read more<span class=\"screen-reader-text\"> &#8220;&#8221;<\/span><\/a><\/p>","protected":false},"author":1,"featured_media":0,"parent":0,"menu_order":0,"comment_status":"closed","ping_status":"closed","template":"","meta":[],"_links":{"self":[{"href":"https:\/\/polimak.online\/en\/wp-json\/wp\/v2\/pages\/291"}],"collection":[{"href":"https:\/\/polimak.online\/en\/wp-json\/wp\/v2\/pages"}],"about":[{"href":"https:\/\/polimak.online\/en\/wp-json\/wp\/v2\/types\/page"}],"author":[{"embeddable":true,"href":"https:\/\/polimak.online\/en\/wp-json\/wp\/v2\/users\/1"}],"replies":[{"embeddable":true,"href":"https:\/\/polimak.online\/en\/wp-json\/wp\/v2\/comments?post=291"}],"version-history":[{"count":2,"href":"https:\/\/polimak.online\/en\/wp-json\/wp\/v2\/pages\/291\/revisions"}],"predecessor-version":[{"id":300,"href":"https:\/\/polimak.online\/en\/wp-json\/wp\/v2\/pages\/291\/revisions\/300"}],"wp:attachment":[{"href":"https:\/\/polimak.online\/en\/wp-json\/wp\/v2\/media?parent=291"}],"curies":[{"name":"wp","href":"https:\/\/api.w.org\/{rel}","templated":true}]}}