{"id":292,"date":"2023-06-19T14:19:18","date_gmt":"2023-06-19T14:19:18","guid":{"rendered":"https:\/\/polimak.online\/?page_id=292"},"modified":"2023-06-19T14:19:36","modified_gmt":"2023-06-19T14:19:36","slug":"sensor-ureticileri","status":"publish","type":"page","link":"https:\/\/polimak.online\/tr\/sensor-ureticileri\/","title":{"rendered":""},"content":{"rendered":"<div id=\"wppb-builder-container\" class=\"wppb-builder-container\">                <div  class=\"wppb-row-parent  wppb-row-1687247422922 \"  >\n\t\t\t\t\t\n\t\t\t\t\t\t\t\t\t\t\n\t\t\t\t\t\t\t\t\t\t\n\t\t\t\t\t<div class=\"wppb-container \">\n\t\t\t\t\t\t\t\t\t\t\t\t\t\n                        <div class=\"wppb-row\">\n\t\t\t\t\t\t\t                                    <div  class=\"wppb-column-parent wppb-column-parent-view wppb-col-1687247422923  \"  >\n                                        <div class=\"wppb-column\">\n\t\t\t\t\t\n\t\t\t\t\t\t\t\t\t\t\t\n                                            <div class=\"wppb-builder-addons\">\n\t\t\t\t\t\t\t\t\t\t\t\t<div class='wppb-builder-addon wppb-addon-1687247422924'  data-addon-id='1687247422924'><div class='wppb-addon'><div class=\"wppb-raw-html-addon\"><div class=\"wppb-raw-html-content\"><h3 style=\"color:#000;font-family:Montserrat;font-size:25px;font-weight:600\">SENS\u00d6R <span style=\"color:#a80202;font-family:Montserrat;font-size:25px;font-weight:600\">\u00dcRET\u0130C\u0130LER\u0130<\/span><\/h3>\n<\/div><\/div><\/div><\/div>            <div  class=\"wppb-row-parent wppb-inner-row-parent wppb-row-1687247422925 \">\n\t\t\t\n\t\t\t\t\t\t\n\t\t\t\t<div class=\"wppb-container\">\n                    <div class=\"wppb-row\">\n\t\t\t\t\t\t                                <div  class=\"wppb-column-parent wppb-column-parent-view wppb-col-1687247422926  \" >\n                                    <div class=\"wppb-column\">\n                                        <div class=\"wppb-builder-addons\">\n\t\t\t\t\t\t\t\t\t\t\t<div id=\"\" class='wppb-builder-addon wppb-addon-1687247422927   '   ><div class='wppb-inner_addon'><div class=\"wppb-blocknumber-addon\"><div class=\"wppb-blocknumber-addon-content\"><div class=\"wppb-blocknumber-media\"><div class=\"wppb-blocknumber-number\"><span>1<\/span><\/div><div class=\"wppb-blocknumber-body\"><div class=\"wppb-blocknumber-desc\">M\u00fc\u015fterilerinize katma de\u011ferli hizmet sa\u011flay\u0131n<\/div><\/div><\/div><\/div><\/div><\/div><\/div><div id=\"\" class='wppb-builder-addon wppb-addon-1687247422928   '   ><div class='wppb-inner_addon'><div class=\"wppb-blocknumber-addon\"><div class=\"wppb-blocknumber-addon-content\"><div class=\"wppb-blocknumber-media\"><div class=\"wppb-blocknumber-number\"><span>3<\/span><\/div><div class=\"wppb-blocknumber-body\"><div class=\"wppb-blocknumber-desc\">Hatal\u0131 kullan\u0131m durumlar\u0131nda veya hatalar olu\u015fmadan \u00f6nce m\u00fc\u015fterilerinizi uyar\u0131n<\/div><\/div><\/div><\/div><\/div><\/div><\/div><div id=\"\" class='wppb-builder-addon wppb-addon-1687247422929   '   ><div class='wppb-inner_addon'><div class=\"wppb-blocknumber-addon\"><div class=\"wppb-blocknumber-addon-content\"><div class=\"wppb-blocknumber-media\"><div class=\"wppb-blocknumber-number\"><span>5<\/span><\/div><div class=\"wppb-blocknumber-body\"><div class=\"wppb-blocknumber-desc\">Pazarlama faaliyetlerinizi d\u00fczenlemek, verimlili\u011fi ve geliri art\u0131rmak i\u00e7in toplanan verileri kullan\u0131n<\/div><\/div><\/div><\/div><\/div><\/div><\/div><div id=\"blocknol\" class='wppb-builder-addon wppb-addon-1687247422930   '   ><div class='wppb-inner_addon'><div class=\"wppb-blocknumber-addon\"><div class=\"wppb-blocknumber-addon-content\"><div class=\"wppb-blocknumber-media\"><div class=\"wppb-blocknumber-number\"><span>7<\/span><\/div><div class=\"wppb-blocknumber-body\"><div class=\"wppb-blocknumber-desc\">Geni\u015f yelpazeye hizmet eden bir ekosistemin par\u00e7as\u0131 olun ve ula\u015ft\u0131\u011f\u0131n\u0131z kitlenin hacmini art\u0131r\u0131n<\/div><\/div><\/div><\/div><\/div><\/div><\/div>                                        <\/div>\n                                    <\/div>\n                                <\/div>\n\t\t\t\t\t\t\t\t                                <div  class=\"wppb-column-parent wppb-column-parent-view wppb-col-1687247422931  \" >\n                                    <div class=\"wppb-column\">\n                                        <div class=\"wppb-builder-addons\">\n\t\t\t\t\t\t\t\t\t\t\t<div id=\"\" class='wppb-builder-addon wppb-addon-1687247422932   '   ><div class='wppb-inner_addon'><div class=\"wppb-blocknumber-addon\"><div class=\"wppb-blocknumber-addon-content\"><div class=\"wppb-blocknumber-media\"><div class=\"wppb-blocknumber-number\"><span>2<\/span><\/div><div class=\"wppb-blocknumber-body\"><div class=\"wppb-blocknumber-desc\">M\u00fc\u015fteri deste\u011fini s\u00fcrekli sa\u011flayarak m\u00fc\u015fteri ba\u011fl\u0131l\u0131\u011f\u0131n\u0131 art\u0131r\u0131n<\/div><\/div><\/div><\/div><\/div><\/div><\/div><div id=\"\" class='wppb-builder-addon wppb-addon-1687247422933   '   ><div class='wppb-addon'><div class=\"wppb-blocknumber-addon\"><div class=\"wppb-blocknumber-addon-content\"><div class=\"wppb-blocknumber-media\"><div class=\"wppb-blocknumber-number\"><span>4<\/span><\/div><div class=\"wppb-blocknumber-body\"><div class=\"wppb-blocknumber-desc\">Ar\u0131za olmadan \u00f6nce yedek par\u00e7a haz\u0131rlay\u0131n ve g\u00f6nderin, m\u00fc\u015fterinizin \u00fcretim hatt\u0131n\u0131 \u00e7al\u0131\u015f\u0131r durumda tutun<\/div><\/div><\/div><\/div><\/div><\/div><\/div><div id=\"\" class='wppb-builder-addon wppb-addon-1687247422934   '   ><div class='wppb-inner_addon'><div class=\"wppb-blocknumber-addon\"><div class=\"wppb-blocknumber-addon-content\"><div class=\"wppb-blocknumber-media\"><div class=\"wppb-blocknumber-number\"><span>6<\/span><\/div><div class=\"wppb-blocknumber-body\"><div class=\"wppb-blocknumber-desc\">Kendinizi, garanti talepleri do\u011frultusunda, \u00fcr\u00fcnlerinizin hatal\u0131 kullan\u0131m\u0131ndan kaynakl\u0131 maliyetlerden koruyun<\/div><\/div><\/div><\/div><\/div><\/div><\/div>                                        <\/div>\n                                    <\/div>\n                                <\/div>\n\t\t\t\t\t\t\t\t                    <\/div>\n                <\/div>\n            <\/div>\n\t\t\t            <div  class=\"wppb-row-parent wppb-inner-row-parent wppb-row-1687247422936 \">\n\t\t\t\n\t\t\t\t\t\t\n\t\t\t\t<div class=\"wppb-container\">\n                    <div class=\"wppb-row\">\n\t\t\t\t\t\t                                <div  class=\"wppb-column-parent wppb-column-parent-view wppb-col-1687247422937  \" >\n                                    <div class=\"wppb-column\">\n                                        <div class=\"wppb-builder-addons\">\n\t\t\t\t\t\t\t\t\t\t\t<div  class='wppb-builder-addon wppb-addon-1687247422938   '   ><div class='wppb-addon'><div class=\"wppb-raw-html-addon\"><div class=\"wppb-raw-html-content\"><h3 style=\"color:#a80202;font-family:Montserrat;font-size:22px;font-weight:400\">NASIL <span style=\"color:#303030;font-family:Montserrat;font-size:22px;font-weight:400\">\u00c7ALI\u015eIR?<\/span><\/h3>\n<\/div><\/div><\/div><\/div>                                        <\/div>\n                                    <\/div>\n                                <\/div>\n\t\t\t\t\t\t\t\t                    <\/div>\n                <\/div>\n            <\/div>\n\t\t\t            <div  class=\"wppb-row-parent wppb-inner-row-parent wppb-row-1687247422939 \">\n\t\t\t\n\t\t\t\t\t\t\n\t\t\t\t<div class=\"wppb-container\">\n                    <div class=\"wppb-row\">\n\t\t\t\t\t\t                                <div  class=\"wppb-column-parent wppb-column-parent-view wppb-col-1687247422940  \" >\n                                    <div class=\"wppb-column\">\n                                        <div class=\"wppb-builder-addons\">\n\t\t\t\t\t\t\t\t\t\t\t<div  class='wppb-builder-addon wppb-addon-1687247422941   '   ><div class='wppb-addon'><div class=\"wppb-image-addon\"><figure class=\"wppb-image-addon-content-wrap\"><div class=\"wppb-image-addon-content wppb-imginlineblock\"><img class=\"wppb-image-addon-img\" src=\"http:\/\/polimak.online\/wp-content\/uploads\/2023\/07\/Sensor-Ureticileri-1.gif\" alt=\"\"><\/div><\/figure><\/div><\/div><\/div>                                        <\/div>\n                                    <\/div>\n                                <\/div>\n\t\t\t\t\t\t\t\t                    <\/div>\n                <\/div>\n            <\/div>\n\t\t\t                                            <\/div>\n                                        <\/div>\n                                    <\/div>\n\t\t\t\t\t\t\t\t\t                        <\/div>\n\n                    <\/div>\n                <\/div>\n\t\t\t\t                <div  class=\"wppb-row-parent  wppb-row-1687247422921 \"  >\n\t\t\t\t\t\n\t\t\t\t\t\t\t\t\t\t\n\t\t\t\t\t\t\t\t\t\t\n\t\t\t\t\t<div class=\"wppb-container \">\n\t\t\t\t\t\t\t\t\t\t\t\t\t\n                        <div class=\"wppb-row\">\n\t\t\t\t\t\t\t                                    <div  class=\"wppb-column-parent wppb-column-parent-view wppb-col-1687247422920  \"  >\n                                        <div class=\"wppb-column\">\n\t\t\t\t\t\n\t\t\t\t\t\t\t\t\t\t\t\n                                            <div class=\"wppb-builder-addons\">\n\t\t\t\t\t\t\t\t\t\t\t\t                                            <\/div>\n                                        <\/div>\n                                    <\/div>\n\t\t\t\t\t\t\t\t\t                        <\/div>\n\n                    <\/div>\n                <\/div>\n\t\t\t\t<\/div>","protected":false},"excerpt":{"rendered":"<p>SENS\u00d6R \u00dcRET\u0130C\u0130LER\u0130 1M\u00fc\u015fterilerinize katma de\u011ferli hizmet sa\u011flay\u0131n3Hatal\u0131 kullan\u0131m durumlar\u0131nda veya hatalar olu\u015fmadan \u00f6nce m\u00fc\u015fterilerinizi uyar\u0131n5Pazarlama faaliyetlerinizi d\u00fczenlemek, verimlili\u011fi ve geliri art\u0131rmak i\u00e7in toplanan verileri kullan\u0131n7Geni\u015f yelpazeye hizmet eden bir ekosistemin par\u00e7as\u0131 olun ve ula\u015ft\u0131\u011f\u0131n\u0131z kitlenin hacmini art\u0131r\u0131n 2M\u00fc\u015fteri deste\u011fini s\u00fcrekli sa\u011flayarak m\u00fc\u015fteri ba\u011fl\u0131l\u0131\u011f\u0131n\u0131 art\u0131r\u0131n4Ar\u0131za olmadan \u00f6nce yedek par\u00e7a haz\u0131rlay\u0131n ve g\u00f6nderin, m\u00fc\u015fterinizin \u00fcretim hatt\u0131n\u0131 \u00e7al\u0131\u015f\u0131r &hellip; <\/p>\n<p class=\"link-more\"><a href=\"https:\/\/polimak.online\/tr\/sensor-ureticileri\/\" class=\"more-link\"><span class=\"screen-reader-text\"> &#8220;&#8221;<\/span>devam\u0131n\u0131 oku<\/a><\/p>\n","protected":false},"author":1,"featured_media":0,"parent":0,"menu_order":0,"comment_status":"closed","ping_status":"closed","template":"","meta":[],"_links":{"self":[{"href":"https:\/\/polimak.online\/tr\/wp-json\/wp\/v2\/pages\/292"}],"collection":[{"href":"https:\/\/polimak.online\/tr\/wp-json\/wp\/v2\/pages"}],"about":[{"href":"https:\/\/polimak.online\/tr\/wp-json\/wp\/v2\/types\/page"}],"author":[{"embeddable":true,"href":"https:\/\/polimak.online\/tr\/wp-json\/wp\/v2\/users\/1"}],"replies":[{"embeddable":true,"href":"https:\/\/polimak.online\/tr\/wp-json\/wp\/v2\/comments?post=292"}],"version-history":[{"count":2,"href":"https:\/\/polimak.online\/tr\/wp-json\/wp\/v2\/pages\/292\/revisions"}],"predecessor-version":[{"id":301,"href":"https:\/\/polimak.online\/tr\/wp-json\/wp\/v2\/pages\/292\/revisions\/301"}],"wp:attachment":[{"href":"https:\/\/polimak.online\/tr\/wp-json\/wp\/v2\/media?parent=292"}],"curies":[{"name":"wp","href":"https:\/\/api.w.org\/{rel}","templated":true}]}}